{"id":101,"date":"2025-11-01T14:23:23","date_gmt":"2025-11-01T14:23:23","guid":{"rendered":"https:\/\/lovelygifts.eu\/?page_id=101"},"modified":"2025-11-01T14:23:23","modified_gmt":"2025-11-01T14:23:23","slug":"sobre-nos","status":"publish","type":"page","link":"https:\/\/lovelygifts.eu\/index.php\/sobre-nos\/","title":{"rendered":"Sobre n\u00f3s"},"content":{"rendered":"\n<p>Na LovelyGifts, acreditamos que cada presente deve contar uma hist\u00f3ria.<\/p>\n\n\n\n<p>Criamos e seleccionamos lembran\u00e7as \u00fanicas, feitas com amor e aten\u00e7\u00e3o ao detalhe, para transformar cada momento especial numa mem\u00f3ria inesquec\u00edvel.<\/p>\n\n\n\n<p>Seja para surpreender algu\u00e9m ou para celebrar uma ocasi\u00e3o especial, temos o presente perfeito para cada emo\u00e7\u00e3o.<\/p>\n\n\n\n<p><\/p>\n","protected":false},"excerpt":{"rendered":"<p>Na LovelyGifts, acreditamos que cada presente deve contar uma hist\u00f3ria. Criamos e seleccionamos lembran\u00e7as \u00fanicas, feitas com amor e aten\u00e7\u00e3o ao detalhe, para transformar cada momento especial numa mem\u00f3ria inesquec\u00edvel. Seja para surpreender algu\u00e9m ou para celebrar uma ocasi\u00e3o especial, temos o presente perfeito para cada emo\u00e7\u00e3o.<\/p>\n","protected":false},"author":1,"featured_media":0,"parent":0,"menu_order":0,"comment_status":"closed","ping_status":"closed","template":"templates\/template-page-full-width.php","meta":{"footnotes":""},"class_list":["post-101","page","type-page","status-publish","hentry"],"_links":{"self":[{"href":"https:\/\/lovelygifts.eu\/index.php\/wp-json\/wp\/v2\/pages\/101","targetHints":{"allow":["GET"]}}],"collection":[{"href":"https:\/\/lovelygifts.eu\/index.php\/wp-json\/wp\/v2\/pages"}],"about":[{"href":"https:\/\/lovelygifts.eu\/index.php\/wp-json\/wp\/v2\/types\/page"}],"author":[{"embeddable":true,"href":"https:\/\/lovelygifts.eu\/index.php\/wp-json\/wp\/v2\/users\/1"}],"replies":[{"embeddable":true,"href":"https:\/\/lovelygifts.eu\/index.php\/wp-json\/wp\/v2\/comments?post=101"}],"version-history":[{"count":1,"href":"https:\/\/lovelygifts.eu\/index.php\/wp-json\/wp\/v2\/pages\/101\/revisions"}],"predecessor-version":[{"id":102,"href":"https:\/\/lovelygifts.eu\/index.php\/wp-json\/wp\/v2\/pages\/101\/revisions\/102"}],"wp:attachment":[{"href":"https:\/\/lovelygifts.eu\/index.php\/wp-json\/wp\/v2\/media?parent=101"}],"curies":[{"name":"wp","href":"https:\/\/api.w.org\/{rel}","templated":true}]}}